{"id":3,"date":"2023-02-22T09:58:29","date_gmt":"2023-02-22T09:58:29","guid":{"rendered":"https:\/\/bronzeskin.pt\/?page_id=3"},"modified":"2023-06-26T11:50:42","modified_gmt":"2023-06-26T11:50:42","slug":"politica-privacidade","status":"publish","type":"page","link":"https:\/\/bronzeskin.pt\/index.php\/politica-privacidade\/","title":{"rendered":"Pol\u00edtica de privacidade"},"content":{"rendered":"\n\n<p>\u00daltima atualiza\u00e7\u00e3o: 14 de Abril de 2023<\/p>\n<p>Na JOSE MIGUEL FERNANDES VAZ<strong>,<\/strong>\u00a0compreendemos que a utiliza\u00e7\u00e3o dos seus dados pessoais requer a sua confian\u00e7a. Por isso, estamos sujeitos aos mais elevados padr\u00f5es de privacidade e apenas iremos utilizar os seus dados pessoais para finalidades claramente identificadas e de acordo com os seus direitos de prote\u00e7\u00e3o de dados.\u00a0A confidencialidade e a integridade dos seus dados pessoais \u00e9 uma das nossas principais preocupa\u00e7\u00f5es.<\/p>\n<p>A JOSE MIGUEL FERNANDES VAZ<strong>,<\/strong> com sede na RUA CENTRAL DE CAMPO N\u00ba686, 4440-036 CAMPO &#8211; VALONGO, registada na Conservat\u00f3ria do Registo Comercial de Valongo sob o seu n\u00famero \u00fanico de matr\u00edcula e de identifica\u00e7\u00e3o de pessoa coletiva 212444824, adiante designada por BRONZE SKIN, \u00e9 respons\u00e1vel pelo website e compromete-se a garantir a privacidade dos dados pessoais dos utilizadores do mesmo.<\/p>\n<p>O acesso e uso do website\u00a0<a href=\"https:\/\/bronzeskin.pt\/\"><strong>https:\/\/bronzeskin.pt\/<\/strong><\/a>\u00a0(adiante designado de website) atribui a condi\u00e7\u00e3o de Utilizador,\u00a0 ao seu visitante.<\/p>\n<p>Por favor, leia o texto que se segue, para compreender e tomar conhecimento da forma como as informa\u00e7\u00f5es que disponibilizar ser\u00e3o tratadas pela JOSE MIGUEL FERNANDES VAZ.<\/p>\n<p>A presente Pol\u00edtica de Privacidade estabelece a forma como a nossa empresa utiliza no website, os dados pessoais dos seus utilizadores\u00a0e \u00e9 composta pelas seguintes sec\u00e7\u00f5es:<\/p>\n<p><strong>1 | DEFINI\u00c7\u00c3O<\/strong><\/p>\n<p>Por dados pessoais deve ser entendida a informa\u00e7\u00e3o, de qualquer natureza e suporte, incluindo-se o som e imagem, relativa a uma pessoa singular identificada ou identific\u00e1vel. \u00c9 considerada como identific\u00e1vel uma pessoa que possa ser identificada, direta ou indiretamente, designadamente por refer\u00eancia a um n\u00famero de identifica\u00e7\u00e3o ou a um ou mais elementos espec\u00edficos da sua identidade f\u00edsica, fisiol\u00f3gica, ps\u00edquica, econ\u00f3mica, cultural ou social.<\/p>\n<p><strong>2 | RESPONS\u00c1VEL PELO TRATAMENTO E AUTORIDADE DE CONTROLO NACIONAL<\/strong><\/p>\n<p><strong>2.1_<\/strong> A BRONZE SKIN \u00e9 a entidade respons\u00e1vel pela recolha e tratamento dos dados pessoais dos Utilizadores, designadamente, pelas categorias de dados recolhidos, qual o tratamento dos mesmos e as finalidades para que s\u00e3o utilizados.<\/p>\n<p><strong>2.2_<\/strong>\u00a0Autoridade de Controlo Nacional &#8211; A autoridade de Controlo Nacional \u00e9 a Comiss\u00e3o Nacional de Prote\u00e7\u00e3o de dados (CNPD): Av. D. Carlos I, 134 &#8211; 1.\u00ba 1200-651 Lisboa, email\u00a0<a href=\"mailto:geral@cnpd.pt\">geral@cnpd.pt<\/a><\/p>\n<p><strong>3 | DADOS PESSOAIS RECOLHIDOS E FINALIDADES<\/strong><\/p>\n<p><strong>3.1_<\/strong>\u00a0Acesso ao website e navega\u00e7\u00e3o: com o acesso ao website s\u00e3o recolhidos de forma autom\u00e1tica um conjunto de dados inform\u00e1ticos, que s\u00e3o gravados de forma tempor\u00e1ria em ficheiros pr\u00f3prios, sendo eliminados de forma tamb\u00e9m autom\u00e1tica ap\u00f3s determinado per\u00edodo. A recolha destes dados tem objetivos meramente t\u00e9cnicos, como sejam a configura\u00e7\u00e3o da liga\u00e7\u00e3o, a seguran\u00e7a do sistema, a administra\u00e7\u00e3o t\u00e9cnica da rede e a otimiza\u00e7\u00e3o do nosso s\u00edtio. Os dados a que nos referimos s\u00e3o os seguintes:<\/p>\n<p>a) Endere\u00e7o IP do processador requerente;<\/p>\n<p>b) Data e hora de acesso;<\/p>\n<p>c) Nome e URL do ficheiro transferido;<\/p>\n<p>d) Volume dos dados transmitidos;<\/p>\n<p>e) Indica\u00e7\u00e3o sobre se a transfer\u00eancia foi efetuada com \u00eaxito;<\/p>\n<p>f) Dados de identifica\u00e7\u00e3o do software do navegador e do sistema operativo;<\/p>\n<p>g) S\u00edtio Web a partir do qual acedeu ao nosso s\u00edtio;<\/p>\n<p>h) Nome do fornecedor de servi\u00e7o de Internet.<\/p>\n<p><strong>3.2_<\/strong> Durante a visita ao website, a BRONZE SKIN poder\u00e1 recolher dados pessoais do Utilizador (por exemplo, e-mail, ao preencher o formul\u00e1rio de contacto, ou ao preencher o formul\u00e1rio de candidatura para efeitos de recrutamento).<\/p>\n<p><strong>3.3_<\/strong>\u00a0Para preencher o formul\u00e1rio de contacto &#8220;D\u00ea o primeiro passo&#8221; ou &#8220;Preparado para iniciar esta jornada&#8221;, \u00e9-lhe requerido nome e e-mail. \u00c9 tamb\u00e9m disponibilizada uma caixa de di\u00e1logo em que pode deixar registada mais informa\u00e7\u00e3o.<\/p>\n<p><strong>3.4_\u00a0<\/strong>Ao utilizar o website da BRONZE SKIN compromete-se a aceitar a presente Pol\u00edtica de Privacidade, tal como se explica nesta se\u00e7\u00e3o do website. Se n\u00e3o aceitar os termos desta Pol\u00edtica de Privacidade, pedimos-lhe que n\u00e3o faculte nenhum dado de car\u00e1cter pessoal atrav\u00e9s deste website \u00e0 BRONZE SKIN.<\/p>\n<p><strong>3.5_\u00a0<\/strong>O Utilizador garante que os dados pessoais facultados \u00e0 BRONZE SKIN s\u00e3o verdadeiros e torna-se respons\u00e1vel por comunicar qualquer altera\u00e7\u00e3o dos mesmos.<\/p>\n<strong>4 | PER\u00cdODO DE CONSERVA\u00c7\u00c3O DOS SEUS DADOS<\/strong>\nOs dados pessoais do Utilizador ser\u00e3o conservados pelo prazo necess\u00e1rio ao cumprimento de obriga\u00e7\u00f5es legais. Na aus\u00eancia de exig\u00eancia legal especifica, os dados pessoais do utilizador ser\u00e3o armazenados e conservados pelo prazo de 5 anos ap\u00f3s a \u00faltima altera\u00e7\u00e3o, atualiza\u00e7\u00e3o ou intera\u00e7\u00e3o do Utilizador com a BRONZE SKIN. Findo este prazo, os mesmos ser\u00e3o eliminados.\n<strong>5 | ARMAZENAMENTO DOS SEUS DADOS PESSOAIS<\/strong>\nOs dados pessoais recolhidos e tratados pela BRONZE SKIN s\u00e3o armazenados em servidores com acesso limitado, localizados em instala\u00e7\u00f5es controladas. Normalmente estes servidores s\u00e3o protegidos e mantidos de acordo com os mais elevados standards de seguran\u00e7a por forma a respeitar as leis de privacidade aplic\u00e1veis. Caso deseje ser removido da nossa base de dados, poder\u00e1 exercer esse direito, contactando-nos atrav\u00e9s dos diversos meios dispon\u00edveis.\n<strong>6 | TRANSFER\u00caNCIAS DE DADOS PARA O ESTRANGEIRO<\/strong>\nA presta\u00e7\u00e3o de determinados servi\u00e7os pela BRONZE SKIN pode implicar a transfer\u00eancia dos seus dados para fora de Portugal. Em tal caso, a BRONZE SKIN cumprir\u00e1 rigorosamente as disposi\u00e7\u00f5es legais aplic\u00e1veis, nomeadamente quanto \u00e0 determina\u00e7\u00e3o da adequabilidade de tal pa\u00eds no que respeita \u00e0 prote\u00e7\u00e3o de dados pessoais e aos requisitos aplic\u00e1veis a tais transfer\u00eancias.\n<strong>7 | SEGURAN\u00c7A E CONFIDENCIALIDADE DOS DADOS<\/strong>\n\u00c9 objetivo da BRONZE SKIN garantir a qualidade e integridade da informa\u00e7\u00e3o fornecida pelos utilizadores do website, tendo para isso implementado as medidas necess\u00e1rias, tanto ao n\u00edvel tecnol\u00f3gico como organizacional, de forma a manter a informa\u00e7\u00e3o segura, garantindo que o tratamento dos seus dados \u00e9 l\u00edcito, leal, transparente e limitado \u00e0s finalidades autorizadas. Adotamos as medidas que consideramos adequadas para assegurar a exatid\u00e3o, integridade e confidencialidade dos seus dados pessoais, bom como os demais direitos que lhe assistem. A BRONZE SKIN toma outras precau\u00e7\u00f5es e implementou procedimentos t\u00e9cnicos adequados para proteger a seguran\u00e7a das informa\u00e7\u00f5es fornecidas atrav\u00e9s do nosso site, nomeadamente com recurso \u00e0 pseudonomiza\u00e7\u00e3o, encripta\u00e7\u00e3o e utiliza\u00e7\u00e3o de antiv\u00edrus e firewalls.\n<strong>8 | COOKIES<\/strong>\nEste website utiliza cookies para melhorar o seu servi\u00e7o. Alguns cookies s\u00e3o essenciais para garantir as funcionalidades disponibilizadas, enquanto outros s\u00e3o destinados a melhorar o desempenho e a experi\u00eancia do Utilizador. N\u00e3o dever\u00e1 continuar a aceder ao nosso website ap\u00f3s o alerta sobre os cookies, se n\u00e3o concordar com a sua utiliza\u00e7\u00e3o.\n<strong>9 | DIREITOS DOS TITULARES DOS DADOS<\/strong>\n<p>De acordo com a legisla\u00e7\u00e3o em vigor, o Utilizador tem direito de acesso e retifica\u00e7\u00e3o dos seus dados, bem como o direito de solicitar a sua elimina\u00e7\u00e3o, opor-se ao seu tratamento e obter a sua limita\u00e7\u00e3o ou portabilidade na medida em que seja aplic\u00e1vel. Pode igualmente opor-se a que os seus dados sejam utilizados com o fim de cria\u00e7\u00e3o do seu perfil de cliente; neste caso, n\u00e3o poder\u00e1 beneficiar de ofertas ou servi\u00e7os personalizados. Al\u00e9m disso, pode, a qualquer momento, pedir para deixar de receber as nossas comunica\u00e7\u00f5es para efeitos de marketing e publicidade.<\/p>\nEstes direitos podem ser exercidos entrando diretamente em contacto com a BRONZE SKIN<br \/>\n<strong>Por correio: <\/strong><a href=\"https:\/\/www.google.com\/maps\/dir\/41.1674932,-8.3636138\/41.18987,-8.49968\/@41.1756825,-8.5002138,12z\/data=!3m1!4b1!4m4!4m3!1m1!4e1!1m0\" target=\"_blank\" rel=\"noreferrer noopener\">Largo do Centen\u00e1rio, 114, Valongo, Portugal<\/a>\n<p><strong>Por email: <\/strong><a href=\"mailto:geral@bronzeskin.pt\" target=\"_blank\" rel=\"noopener noreferrer\" data-stringify-link=\"mailto:geral@bronzeskin.pt\" data-sk=\"tooltip_parent\" aria-haspopup=\"menu\" aria-expanded=\"false\">geral@bronzeskin.pt<\/a><\/p>\n<strong>10 | LIGA\u00c7\u00c3O PARA REDES SOCIAIS<\/strong>\nPermitimos a liga\u00e7\u00e3o a redes sociais, mas n\u00e3o somos respons\u00e1veis pelas suas Pol\u00edticas de Privacidade e seguran\u00e7a. Recomendamos que as verifique.<br \/>\nTrata-se de liga\u00e7\u00f5es a redes sociais externas \u00e0 BRONZE SKIN sujeitas a Pol\u00edticas de Privacidade pr\u00f3prias. Estas redes poder\u00e3o registar a informa\u00e7\u00e3o relativa \u00e0s atividades dos utilizadores na Internet, incluindo no nosso website.<br \/>\nRecomendamos a an\u00e1lise das condi\u00e7\u00f5es de utiliza\u00e7\u00e3o e das pol\u00edticas de privacidade destas redes sociais, de modo a saber exatamente como estas utilizam os dados pessoais dos utilizadores, bem como o procedimento para eliminar ou limitar o tratamento desses dados.\n<strong>11 | DIREITO APLIC\u00c1VEL<\/strong>\nEm caso de controv\u00e9rsia ou reclama\u00e7\u00e3o de qualquer natureza relacionada com este website ser\u00e1 aplic\u00e1vel a lei portuguesa, independentemente de qualquer conflito de leis aplic\u00e1veis. Sem preju\u00edzo de apresenta\u00e7\u00e3o de queixa junto da autoridade de controlo nacional identificada no ponto 2.2, as partes acordam que todas as a\u00e7\u00f5es ou procedimentos legais decorrentes ou relacionados com esta Pol\u00edtica de Privacidade, ser\u00e3o da compet\u00eancia dos tribunais portugueses e aceitam submeter qualquer lit\u00edgio relativo a esta mat\u00e9ria \u00e0 compet\u00eancia do Tribunal Judicial da Comarca do Porto.\n<strong>12 | ATUALIZA\u00c7\u00d5ES DA PRESENTE POL\u00cdTICA DE PRIVACIDADE<\/strong>\nEsta Pol\u00edtica de Privacidade est\u00e1 sujeita a altera\u00e7\u00f5es. A indica\u00e7\u00e3o da data da \u00faltima atualiza\u00e7\u00e3o a este documento consta da legenda &#8220;\u00daltima atualiza\u00e7\u00e3o&#8221;, no cabe\u00e7alho deste documento. As altera\u00e7\u00f5es a esta Pol\u00edtica de Privacidade entrar\u00e3o em vigor no momento da sua publica\u00e7\u00e3o no website.\n\n","protected":false},"excerpt":{"rendered":"<p>\u00daltima atualiza\u00e7\u00e3o: 14 de Abril de 2023 Na JOSE MIGUEL FERNANDES VAZ,\u00a0compreendemos que a utiliza\u00e7\u00e3o dos seus dados pessoais requer a sua confian\u00e7a. Por isso, estamos sujeitos aos mais elevados padr\u00f5es de privacidade e apenas iremos utilizar os seus dados pessoais para finalidades claramente identificadas e de acordo com os seus direitos de prote\u00e7\u00e3o de &hellip;<\/p>\n<p class=\"read-more\"> <a class=\"\" href=\"https:\/\/bronzeskin.pt\/index.php\/politica-privacidade\/\"> <span class=\"screen-reader-text\">Pol\u00edtica de privacidade<\/span> Read More &raquo;<\/a><\/p>\n","protected":false},"author":1,"featured_media":0,"parent":0,"menu_order":0,"comment_status":"closed","ping_status":"open","template":"","meta":{"_uag_custom_page_level_css":"","site-sidebar-layout":"default","site-content-layout":"default","ast-global-header-display":"","ast-main-header-display":"","ast-hfb-above-header-display":"","ast-hfb-below-header-display":"","ast-hfb-mobile-header-display":"","site-post-title":"","ast-breadcrumbs-content":"","ast-featured-img":"","footer-sml-layout":"","theme-transparent-header-meta":"","adv-header-id-meta":"","stick-header-meta":"","header-above-stick-meta":"","header-main-stick-meta":"","header-below-stick-meta":"","footnotes":""},"class_list":["post-3","page","type-page","status-publish","hentry"],"yoast_head":"<!-- This site is optimized with the Yoast SEO plugin v20.1 - https:\/\/yoast.com\/wordpress\/plugins\/seo\/ -->\n<title>Pol\u00edtica de privacidade - BronzeSkin<\/title>\n<meta name=\"robots\" content=\"index, follow, max-snippet:-1, max-image-preview:large, max-video-preview:-1\" \/>\n<link rel=\"canonical\" href=\"https:\/\/bronzeskin.pt\/index.php\/politica-privacidade\/\" \/>\n<meta property=\"og:locale\" content=\"pt_PT\" \/>\n<meta property=\"og:type\" content=\"article\" \/>\n<meta property=\"og:title\" content=\"Pol\u00edtica de privacidade - BronzeSkin\" \/>\n<meta property=\"og:description\" content=\"\u00daltima atualiza\u00e7\u00e3o: 14 de Abril de 2023 Na JOSE MIGUEL FERNANDES VAZ,\u00a0compreendemos que a utiliza\u00e7\u00e3o dos seus dados pessoais requer a sua confian\u00e7a. Por isso, estamos sujeitos aos mais elevados padr\u00f5es de privacidade e apenas iremos utilizar os seus dados pessoais para finalidades claramente identificadas e de acordo com os seus direitos de prote\u00e7\u00e3o de &hellip; Pol\u00edtica de privacidade Read More &raquo;\" \/>\n<meta property=\"og:url\" content=\"https:\/\/bronzeskin.pt\/index.php\/politica-privacidade\/\" \/>\n<meta property=\"og:site_name\" content=\"BronzeSkin\" \/>\n<meta property=\"article:modified_time\" content=\"2023-06-26T11:50:42+00:00\" \/>\n<meta name=\"twitter:card\" content=\"summary_large_image\" \/>\n<script type=\"application\/ld+json\" class=\"yoast-schema-graph\">{\"@context\":\"https:\/\/schema.org\",\"@graph\":[{\"@type\":\"WebPage\",\"@id\":\"https:\/\/bronzeskin.pt\/index.php\/politica-privacidade\/\",\"url\":\"https:\/\/bronzeskin.pt\/index.php\/politica-privacidade\/\",\"name\":\"Pol\u00edtica de privacidade - BronzeSkin\",\"isPartOf\":{\"@id\":\"https:\/\/bronzeskin.pt\/#website\"},\"datePublished\":\"2023-02-22T09:58:29+00:00\",\"dateModified\":\"2023-06-26T11:50:42+00:00\",\"breadcrumb\":{\"@id\":\"https:\/\/bronzeskin.pt\/index.php\/politica-privacidade\/#breadcrumb\"},\"inLanguage\":\"pt-PT\",\"potentialAction\":[{\"@type\":\"ReadAction\",\"target\":[\"https:\/\/bronzeskin.pt\/index.php\/politica-privacidade\/\"]}]},{\"@type\":\"BreadcrumbList\",\"@id\":\"https:\/\/bronzeskin.pt\/index.php\/politica-privacidade\/#breadcrumb\",\"itemListElement\":[{\"@type\":\"ListItem\",\"position\":1,\"name\":\"In\u00edcio\",\"item\":\"https:\/\/bronzeskin.pt\/\"},{\"@type\":\"ListItem\",\"position\":2,\"name\":\"Pol\u00edtica de privacidade\"}]},{\"@type\":\"WebSite\",\"@id\":\"https:\/\/bronzeskin.pt\/#website\",\"url\":\"https:\/\/bronzeskin.pt\/\",\"name\":\"BronzeSkin\",\"description\":\"\",\"publisher\":{\"@id\":\"https:\/\/bronzeskin.pt\/#organization\"},\"potentialAction\":[{\"@type\":\"SearchAction\",\"target\":{\"@type\":\"EntryPoint\",\"urlTemplate\":\"https:\/\/bronzeskin.pt\/?s={search_term_string}\"},\"query-input\":\"required name=search_term_string\"}],\"inLanguage\":\"pt-PT\"},{\"@type\":\"Organization\",\"@id\":\"https:\/\/bronzeskin.pt\/#organization\",\"name\":\"BronzeSkin\",\"url\":\"https:\/\/bronzeskin.pt\/\",\"logo\":{\"@type\":\"ImageObject\",\"inLanguage\":\"pt-PT\",\"@id\":\"https:\/\/bronzeskin.pt\/#\/schema\/logo\/image\/\",\"url\":\"https:\/\/bronzeskin.pt\/wp-content\/uploads\/2023\/04\/bronzeskin-logo-horizontal.png\",\"contentUrl\":\"https:\/\/bronzeskin.pt\/wp-content\/uploads\/2023\/04\/bronzeskin-logo-horizontal.png\",\"width\":300,\"height\":100,\"caption\":\"BronzeSkin\"},\"image\":{\"@id\":\"https:\/\/bronzeskin.pt\/#\/schema\/logo\/image\/\"}}]}<\/script>\n<!-- \/ Yoast SEO plugin. -->","yoast_head_json":{"title":"Pol\u00edtica de privacidade - BronzeSkin","robots":{"index":"index","follow":"follow","max-snippet":"max-snippet:-1","max-image-preview":"max-image-preview:large","max-video-preview":"max-video-preview:-1"},"canonical":"https:\/\/bronzeskin.pt\/index.php\/politica-privacidade\/","og_locale":"pt_PT","og_type":"article","og_title":"Pol\u00edtica de privacidade - BronzeSkin","og_description":"\u00daltima atualiza\u00e7\u00e3o: 14 de Abril de 2023 Na JOSE MIGUEL FERNANDES VAZ,\u00a0compreendemos que a utiliza\u00e7\u00e3o dos seus dados pessoais requer a sua confian\u00e7a. Por isso, estamos sujeitos aos mais elevados padr\u00f5es de privacidade e apenas iremos utilizar os seus dados pessoais para finalidades claramente identificadas e de acordo com os seus direitos de prote\u00e7\u00e3o de &hellip; Pol\u00edtica de privacidade Read More &raquo;","og_url":"https:\/\/bronzeskin.pt\/index.php\/politica-privacidade\/","og_site_name":"BronzeSkin","article_modified_time":"2023-06-26T11:50:42+00:00","twitter_card":"summary_large_image","schema":{"@context":"https:\/\/schema.org","@graph":[{"@type":"WebPage","@id":"https:\/\/bronzeskin.pt\/index.php\/politica-privacidade\/","url":"https:\/\/bronzeskin.pt\/index.php\/politica-privacidade\/","name":"Pol\u00edtica de privacidade - BronzeSkin","isPartOf":{"@id":"https:\/\/bronzeskin.pt\/#website"},"datePublished":"2023-02-22T09:58:29+00:00","dateModified":"2023-06-26T11:50:42+00:00","breadcrumb":{"@id":"https:\/\/bronzeskin.pt\/index.php\/politica-privacidade\/#breadcrumb"},"inLanguage":"pt-PT","potentialAction":[{"@type":"ReadAction","target":["https:\/\/bronzeskin.pt\/index.php\/politica-privacidade\/"]}]},{"@type":"BreadcrumbList","@id":"https:\/\/bronzeskin.pt\/index.php\/politica-privacidade\/#breadcrumb","itemListElement":[{"@type":"ListItem","position":1,"name":"In\u00edcio","item":"https:\/\/bronzeskin.pt\/"},{"@type":"ListItem","position":2,"name":"Pol\u00edtica de privacidade"}]},{"@type":"WebSite","@id":"https:\/\/bronzeskin.pt\/#website","url":"https:\/\/bronzeskin.pt\/","name":"BronzeSkin","description":"","publisher":{"@id":"https:\/\/bronzeskin.pt\/#organization"},"potentialAction":[{"@type":"SearchAction","target":{"@type":"EntryPoint","urlTemplate":"https:\/\/bronzeskin.pt\/?s={search_term_string}"},"query-input":"required name=search_term_string"}],"inLanguage":"pt-PT"},{"@type":"Organization","@id":"https:\/\/bronzeskin.pt\/#organization","name":"BronzeSkin","url":"https:\/\/bronzeskin.pt\/","logo":{"@type":"ImageObject","inLanguage":"pt-PT","@id":"https:\/\/bronzeskin.pt\/#\/schema\/logo\/image\/","url":"https:\/\/bronzeskin.pt\/wp-content\/uploads\/2023\/04\/bronzeskin-logo-horizontal.png","contentUrl":"https:\/\/bronzeskin.pt\/wp-content\/uploads\/2023\/04\/bronzeskin-logo-horizontal.png","width":300,"height":100,"caption":"BronzeSkin"},"image":{"@id":"https:\/\/bronzeskin.pt\/#\/schema\/logo\/image\/"}}]}},"uagb_featured_image_src":{"full":false,"thumbnail":false,"medium":false,"medium_large":false,"large":false,"1536x1536":false,"2048x2048":false,"woocommerce_thumbnail":false,"woocommerce_single":false,"woocommerce_gallery_thumbnail":false},"uagb_author_info":{"display_name":"admin_9rbq03a9","author_link":"https:\/\/bronzeskin.pt\/index.php\/author\/admin_9rbq03a9\/"},"uagb_comment_info":0,"uagb_excerpt":"\u00daltima atualiza\u00e7\u00e3o: 14 de Abril de 2023 Na JOSE MIGUEL FERNANDES VAZ,\u00a0compreendemos que a utiliza\u00e7\u00e3o dos seus dados pessoais requer a sua confian\u00e7a. Por isso, estamos sujeitos aos mais elevados padr\u00f5es de privacidade e apenas iremos utilizar os seus dados pessoais para finalidades claramente identificadas e de acordo com os seus direitos de prote\u00e7\u00e3o de&hellip;","_links":{"self":[{"href":"https:\/\/bronzeskin.pt\/index.php\/wp-json\/wp\/v2\/pages\/3","targetHints":{"allow":["GET"]}}],"collection":[{"href":"https:\/\/bronzeskin.pt\/index.php\/wp-json\/wp\/v2\/pages"}],"about":[{"href":"https:\/\/bronzeskin.pt\/index.php\/wp-json\/wp\/v2\/types\/page"}],"author":[{"embeddable":true,"href":"https:\/\/bronzeskin.pt\/index.php\/wp-json\/wp\/v2\/users\/1"}],"replies":[{"embeddable":true,"href":"https:\/\/bronzeskin.pt\/index.php\/wp-json\/wp\/v2\/comments?post=3"}],"version-history":[{"count":6,"href":"https:\/\/bronzeskin.pt\/index.php\/wp-json\/wp\/v2\/pages\/3\/revisions"}],"predecessor-version":[{"id":1641,"href":"https:\/\/bronzeskin.pt\/index.php\/wp-json\/wp\/v2\/pages\/3\/revisions\/1641"}],"wp:attachment":[{"href":"https:\/\/bronzeskin.pt\/index.php\/wp-json\/wp\/v2\/media?parent=3"}],"curies":[{"name":"wp","href":"https:\/\/api.w.org\/{rel}","templated":true}]}}